{"id":14,"date":"2020-05-14T12:34:41","date_gmt":"2020-05-14T12:34:41","guid":{"rendered":"http:\/\/www.serrano-eng.cat\/temporal\/?page_id=14"},"modified":"2024-04-19T08:43:58","modified_gmt":"2024-04-19T08:43:58","slug":"inicio","status":"publish","type":"page","link":"https:\/\/www.serrano-eng.cat\/","title":{"rendered":"Presentaci\u00f3"},"content":{"rendered":"\n<p>Som una empresa empla\u00e7ada a l&#8217;Alt Empord\u00e0, prov\u00edncia de Girona, ens dediquem a tot tipus de projectes d\u2019enginyeria.<\/p>\n\n\n\n<p><br><\/p>\n\n\n\n<p><\/p>\n\n\n\n<div class=\"wp-block-image\"><figure class=\"alignright size-large is-resized\"><img loading=\"lazy\" src=\"http:\/\/www.serrano-eng.cat\/wp-content\/uploads\/2021\/01\/IMG_20210119_134128-1024x768.jpg\" alt=\"\" class=\"wp-image-180\" width=\"335\" height=\"251\"\/><\/figure><\/div>\n\n\n\n<p><br>La nostre pol\u00edtica es oferir un servei basat en la qualitat i la professionalitat, oferint un tracte personalitzat i buscant agilitzar tots els tr\u00e0mits davant els organismes oficials per que vost\u00e8 pugui exercir la seva activitat en la major brevetat possible.<br><br>Li oferim els nostres serveis ajustant al m\u00e0xim les nostres tarifes.<\/p>\n\n\n\n<p><\/p>\n\n\n\n<p><br><br><br><br><\/p>\n\n\n\n<p><\/p>\n\n\n\n<p><\/p>\n\n\n\n<hr class=\"wp-block-separator\"\/>\n\n\n\n<p><strong>Xavier Serrano Bol\u00edvar<\/strong><br>Enginyer T\u00e8cnic Industrial<br>T\u00e8cnic Superior en Prevenci\u00f3 de Riscos Laborals<\/p>\n","protected":false},"excerpt":{"rendered":"<p>Som una empresa empla\u00e7ada a l&#8217;Alt Empord\u00e0, prov\u00edncia de Girona, ens dediquem a tot tipus de projectes d\u2019enginyeria. La nostre pol\u00edtica es oferir un servei basat en la qualitat i la professionalitat, oferint un tracte personalitzat i buscant agilitzar tots els tr\u00e0mits davant els organismes oficials per que vost\u00e8 pugui exercir la seva activitat en&hellip;<\/p>\n","protected":false},"author":1,"featured_media":158,"parent":0,"menu_order":0,"comment_status":"closed","ping_status":"closed","template":"","meta":[],"_links":{"self":[{"href":"https:\/\/www.serrano-eng.cat\/index.php?rest_route=\/wp\/v2\/pages\/14"}],"collection":[{"href":"https:\/\/www.serrano-eng.cat\/index.php?rest_route=\/wp\/v2\/pages"}],"about":[{"href":"https:\/\/www.serrano-eng.cat\/index.php?rest_route=\/wp\/v2\/types\/page"}],"author":[{"embeddable":true,"href":"https:\/\/www.serrano-eng.cat\/index.php?rest_route=\/wp\/v2\/users\/1"}],"replies":[{"embeddable":true,"href":"https:\/\/www.serrano-eng.cat\/index.php?rest_route=%2Fwp%2Fv2%2Fcomments&post=14"}],"version-history":[{"count":18,"href":"https:\/\/www.serrano-eng.cat\/index.php?rest_route=\/wp\/v2\/pages\/14\/revisions"}],"predecessor-version":[{"id":212,"href":"https:\/\/www.serrano-eng.cat\/index.php?rest_route=\/wp\/v2\/pages\/14\/revisions\/212"}],"wp:featuredmedia":[{"embeddable":true,"href":"https:\/\/www.serrano-eng.cat\/index.php?rest_route=\/wp\/v2\/media\/158"}],"wp:attachment":[{"href":"https:\/\/www.serrano-eng.cat\/index.php?rest_route=%2Fwp%2Fv2%2Fmedia&parent=14"}],"curies":[{"name":"wp","href":"https:\/\/api.w.org\/{rel}","templated":true}]}}