{"id":17,"date":"2020-05-14T12:34:41","date_gmt":"2020-05-14T12:34:41","guid":{"rendered":"http:\/\/www.serrano-eng.cat\/temporal\/?page_id=17"},"modified":"2021-02-01T07:24:16","modified_gmt":"2021-02-01T07:24:16","slug":"obres","status":"publish","type":"page","link":"https:\/\/www.serrano-eng.cat\/?page_id=17","title":{"rendered":"Obres"},"content":{"rendered":"\n<p><strong>Hotel Delfin de Tossa de Mar.<\/strong><br>Ampliaci\u00f3 de categoria fins a 4\u00ba, amb la obtenci\u00f3 de la llic\u00e8ncia ambiental amb el disseny i legalitzaci\u00f3 de les instal.lacions de baixa tensi\u00f3, climatitzaci\u00f3, calefacci\u00f3 i producci\u00f3 d\u2019aigua calenta sanitaria.<br><br><strong>Clinica Santa Creu de Figueres.<\/strong><br>Projecte executiu de les instal.lacions per a l\u2019ampliaci\u00f3 de la clinica Santa Creu, amb el disseny de la baixa tensi\u00f3, subministrament d\u2019aigua, protecci\u00f3 contra incendis, climatitzaci\u00f3,&#8230; incloent un quir\u00f2fan.<br><br><strong>Centre d&#8217;oci i lleures<\/strong> <strong>de Figueres.<\/strong><br>Projecte executiu de les instal.lacions del centre d&#8217;oci,Tramitacio de la llicencia d&#8217;activitats i tramitacio de la llicencia ambiental.<br><br><strong>Instal.lacions electriques amb risc d&#8217;incendi.<\/strong><br>Projecte de les instal.lacions de baixa tensi\u00f3 dels centres d\u2019emmagatzematge de Gas prop\u00e0 als municipis de Sant Hilari Sacalm i Ll\u00edvia<br><br><strong>Urbanitzacions.<\/strong><br>Projecte executiu de infrastructures d\u2019instal.lacions per al sector Piverd Sud de Palafrugell, i pel sector Marca de l\u2019Ham 2 de Figueres.<br><br><strong>Tramitaci\u00f3 de llic\u00e8ncies ambientals <\/strong><br>Hotel Victoria de Roses, Hotel Sant Marc de Roses, Hotel Coral Platja de Roses, Hotel Mar y Sol de Roses, Hotel Goya Park de Roses, Hotel Mar\u00edtim de Roses, Hotel Panoramic Grecs Roses, Hotel Casa de Mar Roses, Hotel Windsord de Tossa de Mar, Hotel La Huerta de Tossa de Mar, Hotel Diana de Tossa de Mar, Hotel Port Salins d\u2019Empuriabrava, Hotel Vent de Garb\u00ed d\u2019Empuriabrava, Hotel Picasso de Torroella de Montgr\u00ed, Hotel la Quadra de Ma\u00e7anet de Cabrenys, Hotel Mas Roig de Pals.<\/p>\n","protected":false},"excerpt":{"rendered":"<p>Hotel Delfin de Tossa de Mar.Ampliaci\u00f3 de categoria fins a 4\u00ba, amb la obtenci\u00f3 de la llic\u00e8ncia ambiental amb el disseny i legalitzaci\u00f3 de les instal.lacions de baixa tensi\u00f3, climatitzaci\u00f3, calefacci\u00f3 i producci\u00f3 d\u2019aigua calenta sanitaria. Clinica Santa Creu de Figueres.Projecte executiu de les instal.lacions per a l\u2019ampliaci\u00f3 de la clinica Santa Creu, amb el&hellip;<\/p>\n","protected":false},"author":1,"featured_media":157,"parent":0,"menu_order":0,"comment_status":"closed","ping_status":"closed","template":"","meta":[],"_links":{"self":[{"href":"https:\/\/www.serrano-eng.cat\/index.php?rest_route=\/wp\/v2\/pages\/17"}],"collection":[{"href":"https:\/\/www.serrano-eng.cat\/index.php?rest_route=\/wp\/v2\/pages"}],"about":[{"href":"https:\/\/www.serrano-eng.cat\/index.php?rest_route=\/wp\/v2\/types\/page"}],"author":[{"embeddable":true,"href":"https:\/\/www.serrano-eng.cat\/index.php?rest_route=\/wp\/v2\/users\/1"}],"replies":[{"embeddable":true,"href":"https:\/\/www.serrano-eng.cat\/index.php?rest_route=%2Fwp%2Fv2%2Fcomments&post=17"}],"version-history":[{"count":4,"href":"https:\/\/www.serrano-eng.cat\/index.php?rest_route=\/wp\/v2\/pages\/17\/revisions"}],"predecessor-version":[{"id":194,"href":"https:\/\/www.serrano-eng.cat\/index.php?rest_route=\/wp\/v2\/pages\/17\/revisions\/194"}],"wp:featuredmedia":[{"embeddable":true,"href":"https:\/\/www.serrano-eng.cat\/index.php?rest_route=\/wp\/v2\/media\/157"}],"wp:attachment":[{"href":"https:\/\/www.serrano-eng.cat\/index.php?rest_route=%2Fwp%2Fv2%2Fmedia&parent=17"}],"curies":[{"name":"wp","href":"https:\/\/api.w.org\/{rel}","templated":true}]}}